{"id":27023,"date":"2022-03-01T16:21:50","date_gmt":"2022-03-01T16:21:50","guid":{"rendered":"https:\/\/leitariadaquintadopaco.com\/braga\/ficha-de-projeto\/"},"modified":"2022-03-01T16:21:50","modified_gmt":"2022-03-01T16:21:50","slug":"ficha-de-projeto","status":"publish","type":"page","link":"https:\/\/leitariadaquintadopaco.com\/braga\/ficha-de-projeto\/","title":{"rendered":"Ficha de Projeto"},"content":{"rendered":"<p><span class=\"subtitle-home\">Designa\u00e7\u00e3o do projeto: LQP Mais Longe<br \/>\n<\/span><span class=\"subtitle-home\">C\u00f3digo do Projeto: 8755<br \/>\n<\/span><span class=\"subtitle-home\">Objetivo Principal: Internacionaliza\u00e7\u00e3o da atividade<br \/>\n<\/span><span class=\"subtitle-home\">Regi\u00e3o de interven\u00e7\u00e3o: Norte<br \/>\n<\/span><span class=\"subtitle-home\">Entidade benefici\u00e1ria: LQP, Lda<br \/>\n<\/span><span class=\"subtitle-home\">Data de in\u00edcio: 2015.11.13<br \/>\n<\/span><span class=\"subtitle-home\">Data de conclus\u00e3o: 2016.11.10<br \/>\n<\/span><span class=\"subtitle-home\">Custo eleg\u00edvel: 20.000,00\u20ac<br \/>\n<\/span><span class=\"subtitle-home\">Apoio financeiro: FEDER \u2013 15.000,00\u20ac<br \/>\n<\/span><span class=\"subtitle-home\">Resultados: Conhecimento de novos mercados, Prepara\u00e7\u00e3o de manuais de internacionaliza\u00e7\u00e3o (Manual de Gest\u00e3o, Manual de Adequa\u00e7\u00e3o de Locais, Manual T\u00e9cnico do Produto, Manual de Gest\u00e3o Operacional, Manual Relacional, Manual Internacional), Carateriza\u00e7\u00e3o de produtos a internacionalizar, Contacto com os novos mercados, Negocia\u00e7\u00e3o e contratualiza\u00e7\u00e3o.<\/span><\/p>\n<p><img decoding=\"async\" class=\"alignnone wp-image-23660 size-full lazyload\" data-src=\"https:\/\/leitariadaquintadopaco.com\/wp-content\/uploads\/2022\/03\/barra_feder.jpg\" alt=\"\" width=\"730\" height=\"47\" src=\"data:image\/svg+xml;base64,PHN2ZyB3aWR0aD0iMSIgaGVpZ2h0PSIxIiB4bWxucz0iaHR0cDovL3d3dy53My5vcmcvMjAwMC9zdmciPjwvc3ZnPg==\" style=\"--smush-placeholder-width: 730px; --smush-placeholder-aspect-ratio: 730\/47;\"><\/p>\n","protected":false},"excerpt":{"rendered":"<p>Designa\u00e7\u00e3o do projeto: LQP Mais Longe C\u00f3digo do Projeto: 8755 Objetivo Principal: Internacionaliza\u00e7\u00e3o da atividade Regi\u00e3o de interven\u00e7\u00e3o: Norte Entidade benefici\u00e1ria: LQP, Lda Data de in\u00edcio: 2015.11.13 Data de conclus\u00e3o: 2016.11.10 Custo eleg\u00edvel: 20.000,00\u20ac Apoio financeiro: FEDER \u2013 15.000,00\u20ac Resultados: Conhecimento de novos mercados, Prepara\u00e7\u00e3o de manuais de internacionaliza\u00e7\u00e3o (Manual de Gest\u00e3o, Manual de Adequa\u00e7\u00e3o [&hellip;]<\/p>\n","protected":false},"author":860,"featured_media":26556,"parent":0,"menu_order":0,"comment_status":"closed","ping_status":"closed","template":"","meta":{"footnotes":""},"class_list":["post-27023","page","type-page","status-publish","has-post-thumbnail","hentry"],"_links":{"self":[{"href":"https:\/\/leitariadaquintadopaco.com\/braga\/wp-json\/wp\/v2\/pages\/27023","targetHints":{"allow":["GET"]}}],"collection":[{"href":"https:\/\/leitariadaquintadopaco.com\/braga\/wp-json\/wp\/v2\/pages"}],"about":[{"href":"https:\/\/leitariadaquintadopaco.com\/braga\/wp-json\/wp\/v2\/types\/page"}],"author":[{"embeddable":true,"href":"https:\/\/leitariadaquintadopaco.com\/braga\/wp-json\/wp\/v2\/users\/860"}],"replies":[{"embeddable":true,"href":"https:\/\/leitariadaquintadopaco.com\/braga\/wp-json\/wp\/v2\/comments?post=27023"}],"version-history":[{"count":0,"href":"https:\/\/leitariadaquintadopaco.com\/braga\/wp-json\/wp\/v2\/pages\/27023\/revisions"}],"wp:featuredmedia":[{"embeddable":true,"href":"https:\/\/leitariadaquintadopaco.com\/braga\/wp-json\/wp\/v2\/media\/26556"}],"wp:attachment":[{"href":"https:\/\/leitariadaquintadopaco.com\/braga\/wp-json\/wp\/v2\/media?parent=27023"}],"curies":[{"name":"wp","href":"https:\/\/api.w.org\/{rel}","templated":true}]}}