{"id":12484,"date":"2019-06-05T19:23:19","date_gmt":"2019-06-05T18:23:19","guid":{"rendered":"https:\/\/staging.leitariadaquintadopaco.com\/?post_type=product&#038;p=12484"},"modified":"2026-01-09T15:56:12","modified_gmt":"2026-01-09T15:56:12","slug":"eclair-numros-limao","status":"publish","type":"product","link":"https:\/\/leitariadaquintadopaco.com\/braga\/produtos\/eclair-numros-limao\/","title":{"rendered":"\u00c9CLAIR N\u00daMEROS LIM\u00c3O"},"content":{"rendered":"","protected":false},"excerpt":{"rendered":"<p>N\u00famero com 30cm Altura recheado com chantilly artesanal e cobertura de lim\u00e3o<\/p>\n<p>&nbsp;<\/p>\n","protected":false},"featured_media":15544,"comment_status":"open","ping_status":"closed","template":"","meta":[],"product_brand":[],"product_cat":[331,602],"product_tag":[],"class_list":{"0":"post-12484","1":"product","2":"type-product","3":"status-publish","4":"has-post-thumbnail","6":"product_cat-bolos","7":"product_cat-xxl-numeros-letras","9":"first","10":"instock","11":"shipping-taxable","12":"purchasable","13":"product-type-simple"},"_links":{"self":[{"href":"https:\/\/leitariadaquintadopaco.com\/braga\/wp-json\/wp\/v2\/product\/12484","targetHints":{"allow":["GET"]}}],"collection":[{"href":"https:\/\/leitariadaquintadopaco.com\/braga\/wp-json\/wp\/v2\/product"}],"about":[{"href":"https:\/\/leitariadaquintadopaco.com\/braga\/wp-json\/wp\/v2\/types\/product"}],"replies":[{"embeddable":true,"href":"https:\/\/leitariadaquintadopaco.com\/braga\/wp-json\/wp\/v2\/comments?post=12484"}],"wp:featuredmedia":[{"embeddable":true,"href":"https:\/\/leitariadaquintadopaco.com\/braga\/wp-json\/wp\/v2\/media\/15544"}],"wp:attachment":[{"href":"https:\/\/leitariadaquintadopaco.com\/braga\/wp-json\/wp\/v2\/media?parent=12484"}],"wp:term":[{"taxonomy":"product_brand","embeddable":true,"href":"https:\/\/leitariadaquintadopaco.com\/braga\/wp-json\/wp\/v2\/product_brand?post=12484"},{"taxonomy":"product_cat","embeddable":true,"href":"https:\/\/leitariadaquintadopaco.com\/braga\/wp-json\/wp\/v2\/product_cat?post=12484"},{"taxonomy":"product_tag","embeddable":true,"href":"https:\/\/leitariadaquintadopaco.com\/braga\/wp-json\/wp\/v2\/product_tag?post=12484"}],"curies":[{"name":"wp","href":"https:\/\/api.w.org\/{rel}","templated":true}]}}