{"id":26782,"date":"2022-10-13T13:24:54","date_gmt":"2022-10-13T12:24:54","guid":{"rendered":"https:\/\/leitariadaquintadopaco.com\/braga\/?post_type=product&#038;p=26782"},"modified":"2026-01-09T15:43:54","modified_gmt":"2026-01-09T15:43:54","slug":"eclair-de-braga","status":"publish","type":"product","link":"https:\/\/leitariadaquintadopaco.com\/braga\/produtos\/eclair-de-braga\/","title":{"rendered":"\u00c9CLAIR DE BRAGA"},"content":{"rendered":"<p>\u00c9clair recheado com doce de ovos, chantilly, massa folhada e am\u00eandoa. Uma combina\u00e7\u00e3o irresist\u00edvel!<\/p>\n","protected":false},"excerpt":{"rendered":"<p>\u00c9clair recheado com doce de ovos, chantilly, massa folhada e am\u00eandoa. Uma combina\u00e7\u00e3o irresist\u00edvel!<\/p>\n","protected":false},"featured_media":26783,"comment_status":"open","ping_status":"closed","template":"","meta":[],"product_brand":[],"product_cat":[339],"product_tag":[],"class_list":{"0":"post-26782","1":"product","2":"type-product","3":"status-publish","4":"has-post-thumbnail","6":"product_cat-especiais","8":"first","9":"instock","10":"shipping-taxable","11":"purchasable","12":"product-type-simple"},"_links":{"self":[{"href":"https:\/\/leitariadaquintadopaco.com\/braga\/wp-json\/wp\/v2\/product\/26782","targetHints":{"allow":["GET"]}}],"collection":[{"href":"https:\/\/leitariadaquintadopaco.com\/braga\/wp-json\/wp\/v2\/product"}],"about":[{"href":"https:\/\/leitariadaquintadopaco.com\/braga\/wp-json\/wp\/v2\/types\/product"}],"replies":[{"embeddable":true,"href":"https:\/\/leitariadaquintadopaco.com\/braga\/wp-json\/wp\/v2\/comments?post=26782"}],"wp:featuredmedia":[{"embeddable":true,"href":"https:\/\/leitariadaquintadopaco.com\/braga\/wp-json\/wp\/v2\/media\/26783"}],"wp:attachment":[{"href":"https:\/\/leitariadaquintadopaco.com\/braga\/wp-json\/wp\/v2\/media?parent=26782"}],"wp:term":[{"taxonomy":"product_brand","embeddable":true,"href":"https:\/\/leitariadaquintadopaco.com\/braga\/wp-json\/wp\/v2\/product_brand?post=26782"},{"taxonomy":"product_cat","embeddable":true,"href":"https:\/\/leitariadaquintadopaco.com\/braga\/wp-json\/wp\/v2\/product_cat?post=26782"},{"taxonomy":"product_tag","embeddable":true,"href":"https:\/\/leitariadaquintadopaco.com\/braga\/wp-json\/wp\/v2\/product_tag?post=26782"}],"curies":[{"name":"wp","href":"https:\/\/api.w.org\/{rel}","templated":true}]}}