{"id":10,"date":"2022-02-02T18:43:15","date_gmt":"2022-02-02T18:43:15","guid":{"rendered":"https:\/\/novo.leitariadaquintadopaco.com\/carrinho\/"},"modified":"2023-07-25T12:04:26","modified_gmt":"2023-07-25T11:04:26","slug":"carrinho","status":"publish","type":"page","link":"https:\/\/leitariadaquintadopaco.com\/lisboa\/carrinho\/","title":{"rendered":"Carrinho"},"content":{"rendered":"\t\t<div data-elementor-type=\"wp-page\" data-elementor-id=\"10\" class=\"elementor elementor-10\" data-elementor-post-type=\"page\">\n\t\t\t\t\t\t<section class=\"elementor-section elementor-top-section elementor-element elementor-element-798eee6 elementor-section-boxed elementor-section-height-default elementor-section-height-default\" data-id=\"798eee6\" data-element_type=\"section\" data-e-type=\"section\" data-settings=\"{&quot;jet_parallax_layout_list&quot;:[]}\">\n\t\t\t\t\t\t<div class=\"elementor-container elementor-column-gap-default\">\n\t\t\t\t\t<div class=\"elementor-column elementor-col-100 elementor-top-column elementor-element elementor-element-c694e72\" data-id=\"c694e72\" data-element_type=\"column\" data-e-type=\"column\" data-settings=\"{&quot;background_background&quot;:&quot;classic&quot;}\">\n\t\t\t<div class=\"elementor-widget-wrap elementor-element-populated\">\n\t\t\t\t\t\t<div class=\"elementor-element elementor-element-796f238 elementor-widget elementor-widget-text-editor\" data-id=\"796f238\" data-element_type=\"widget\" data-e-type=\"widget\" data-widget_type=\"text-editor.default\">\n\t\t\t\t<div class=\"elementor-widget-container\">\n\t\t\t\t\t\t\t\t\t<p>Encomendas feitas at\u00e9 \u00e0s 15h podem ser levantadas no dia seguinte, das 12h \u00e0s 16h. Para entregas ao domic\u00edlio contacte <a href=\"tel:226000061\">226 000 061<\/a><br \/>Durante o m\u00eas de Dezembro, a op\u00e7\u00e3o de levantamento est\u00e1 limitada \u00e0s lojas aderentes \u00e0 campanha de natal.<\/p><p>Caso pretenda levantar ou receber a sua encomenda num hor\u00e1rio diferente, por favor contacte a nossa equipa pelo n\u00famero <a href=\"tel:226000061\">226 000 061<\/a>.<\/p><h6><strong>Portes gr\u00e1tis para compras superiores a 30\u20ac<\/strong><\/h6>\t\t\t\t\t\t\t\t<\/div>\n\t\t\t\t<\/div>\n\t\t\t\t\t<\/div>\n\t\t<\/div>\n\t\t\t\t\t<\/div>\n\t\t<\/section>\n\t\t\t\t<section class=\"elementor-section elementor-top-section elementor-element elementor-element-420ece01 elementor-section-boxed elementor-section-height-default elementor-section-height-default\" data-id=\"420ece01\" data-element_type=\"section\" data-e-type=\"section\" data-settings=\"{&quot;jet_parallax_layout_list&quot;:[]}\">\n\t\t\t\t\t\t<div class=\"elementor-container elementor-column-gap-no\">\n\t\t\t\t\t<div class=\"elementor-column elementor-col-100 elementor-top-column elementor-element elementor-element-5485d8d4\" data-id=\"5485d8d4\" data-element_type=\"column\" data-e-type=\"column\">\n\t\t\t<div class=\"elementor-widget-wrap elementor-element-populated\">\n\t\t\t\t\t\t<div class=\"elementor-element elementor-element-d5f87a4 e-cart-layout-two-column elementor-widget elementor-widget-woocommerce-cart\" data-id=\"d5f87a4\" data-element_type=\"widget\" data-e-type=\"widget\" data-settings=\"{&quot;update_cart_automatically&quot;:&quot;yes&quot;}\" data-widget_type=\"woocommerce-cart.default\">\n\t\t\t\t<div class=\"elementor-widget-container\">\n\t\t\t\t\t<div class=\"woocommerce\"><div class=\"woocommerce-notices-wrapper\"><\/div><div class=\"wc-empty-cart-message\">\n\t<div class=\"cart-empty woocommerce-info\" role=\"status\">\n\t\tO seu carrinho est\u00e1 vazio.\t<\/div>\n<\/div>\t<p class=\"return-to-shop\">\n\t\t<a class=\"button wc-backward\" href=\"https:\/\/leitariadaquintadopaco.com\/lisboa\/loja\/\">\n\t\t\tVoltar para a loja\t\t<\/a>\n\t<\/p>\n<\/div>\t\t\t\t<\/div>\n\t\t\t\t<\/div>\n\t\t\t\t\t<\/div>\n\t\t<\/div>\n\t\t\t\t\t<\/div>\n\t\t<\/section>\n\t\t\t\t<\/div>\n\t\t","protected":false},"excerpt":{"rendered":"<p>Encomendas feitas at\u00e9 \u00e0s 15h podem ser levantadas no dia seguinte, das 12h \u00e0s 16h. Para entregas ao domic\u00edlio contacte 226 000 061Durante o m\u00eas de Dezembro, a op\u00e7\u00e3o de levantamento est\u00e1 limitada \u00e0s lojas aderentes \u00e0 campanha de natal. Caso pretenda levantar ou receber a sua encomenda num hor\u00e1rio diferente, por favor contacte a [&hellip;]<\/p>\n","protected":false},"author":32,"featured_media":24232,"parent":0,"menu_order":0,"comment_status":"closed","ping_status":"closed","template":"","meta":{"footnotes":""},"class_list":["post-10","page","type-page","status-publish","has-post-thumbnail","hentry"],"_links":{"self":[{"href":"https:\/\/leitariadaquintadopaco.com\/lisboa\/wp-json\/wp\/v2\/pages\/10","targetHints":{"allow":["GET"]}}],"collection":[{"href":"https:\/\/leitariadaquintadopaco.com\/lisboa\/wp-json\/wp\/v2\/pages"}],"about":[{"href":"https:\/\/leitariadaquintadopaco.com\/lisboa\/wp-json\/wp\/v2\/types\/page"}],"author":[{"embeddable":true,"href":"https:\/\/leitariadaquintadopaco.com\/lisboa\/wp-json\/wp\/v2\/users\/32"}],"replies":[{"embeddable":true,"href":"https:\/\/leitariadaquintadopaco.com\/lisboa\/wp-json\/wp\/v2\/comments?post=10"}],"version-history":[{"count":1,"href":"https:\/\/leitariadaquintadopaco.com\/lisboa\/wp-json\/wp\/v2\/pages\/10\/revisions"}],"predecessor-version":[{"id":26966,"href":"https:\/\/leitariadaquintadopaco.com\/lisboa\/wp-json\/wp\/v2\/pages\/10\/revisions\/26966"}],"wp:featuredmedia":[{"embeddable":true,"href":"https:\/\/leitariadaquintadopaco.com\/lisboa\/wp-json\/wp\/v2\/media\/24232"}],"wp:attachment":[{"href":"https:\/\/leitariadaquintadopaco.com\/lisboa\/wp-json\/wp\/v2\/media?parent=10"}],"curies":[{"name":"wp","href":"https:\/\/api.w.org\/{rel}","templated":true}]}}