{"id":12360,"date":"2019-06-04T16:23:34","date_gmt":"2019-06-04T15:23:34","guid":{"rendered":"https:\/\/staging.leitariadaquintadopaco.com\/?post_type=product&#038;p=12360"},"modified":"2026-02-03T15:51:28","modified_gmt":"2026-02-03T15:51:28","slug":"eclair-xxl-classico","status":"publish","type":"product","link":"https:\/\/leitariadaquintadopaco.com\/lisboa\/produtos\/eclair-xxl-classico\/","title":{"rendered":"\u00c9CLAIR XXL CL\u00c1SSICO"},"content":{"rendered":"<p>Por favor encomendar com 10 dias de anteced\u00eancia da data de entrega pretendida.<\/p>\n","protected":false},"excerpt":{"rendered":"<p><span data-sheets-value=\"{&quot;1&quot;:2,&quot;2&quot;:&quot;\u00c9clair XXL com cobertura de chocolate de leite e recheio de chantilly artesanal&quot;}\" data-sheets-userformat=\"{&quot;2&quot;:769,&quot;3&quot;:{&quot;1&quot;:0},&quot;11&quot;:4,&quot;12&quot;:0}\">\u00c9clair XXL com cobertura de chocolate de leite e recheio de chantilly artesanal.<\/span><\/p>\n","protected":false},"featured_media":12676,"comment_status":"open","ping_status":"closed","template":"","meta":[],"product_brand":[],"product_cat":[331,375],"product_tag":[376,321,377],"class_list":{"0":"post-12360","1":"product","2":"type-product","3":"status-publish","4":"has-post-thumbnail","6":"product_cat-bolos","7":"product_cat-bolos-xxl-numeros-letras","8":"product_tag-classico","9":"product_tag-eclair","10":"product_tag-xxl","12":"first","13":"instock","14":"shipping-taxable","15":"purchasable","16":"product-type-simple"},"_links":{"self":[{"href":"https:\/\/leitariadaquintadopaco.com\/lisboa\/wp-json\/wp\/v2\/product\/12360","targetHints":{"allow":["GET"]}}],"collection":[{"href":"https:\/\/leitariadaquintadopaco.com\/lisboa\/wp-json\/wp\/v2\/product"}],"about":[{"href":"https:\/\/leitariadaquintadopaco.com\/lisboa\/wp-json\/wp\/v2\/types\/product"}],"replies":[{"embeddable":true,"href":"https:\/\/leitariadaquintadopaco.com\/lisboa\/wp-json\/wp\/v2\/comments?post=12360"}],"wp:featuredmedia":[{"embeddable":true,"href":"https:\/\/leitariadaquintadopaco.com\/lisboa\/wp-json\/wp\/v2\/media\/12676"}],"wp:attachment":[{"href":"https:\/\/leitariadaquintadopaco.com\/lisboa\/wp-json\/wp\/v2\/media?parent=12360"}],"wp:term":[{"taxonomy":"product_brand","embeddable":true,"href":"https:\/\/leitariadaquintadopaco.com\/lisboa\/wp-json\/wp\/v2\/product_brand?post=12360"},{"taxonomy":"product_cat","embeddable":true,"href":"https:\/\/leitariadaquintadopaco.com\/lisboa\/wp-json\/wp\/v2\/product_cat?post=12360"},{"taxonomy":"product_tag","embeddable":true,"href":"https:\/\/leitariadaquintadopaco.com\/lisboa\/wp-json\/wp\/v2\/product_tag?post=12360"}],"curies":[{"name":"wp","href":"https:\/\/api.w.org\/{rel}","templated":true}]}}