{"id":12373,"date":"2019-06-04T17:05:05","date_gmt":"2019-06-04T16:05:05","guid":{"rendered":"https:\/\/staging.leitariadaquintadopaco.com\/?post_type=product&#038;p=12373"},"modified":"2026-02-03T15:50:43","modified_gmt":"2026-02-03T15:50:43","slug":"eclair-xxl-limao","status":"publish","type":"product","link":"https:\/\/leitariadaquintadopaco.com\/lisboa\/produtos\/eclair-xxl-limao\/","title":{"rendered":"\u00c9CLAIR XXL LIM\u00c3O"},"content":{"rendered":"<p>Por favor encomendar com 15 dias de anteced\u00eancia da data de entrega pretendida.<\/p>\n","protected":false},"excerpt":{"rendered":"<p><span data-sheets-value=\"{&quot;1&quot;:2,&quot;2&quot;:&quot;\u00c9clair XXL com cobertura de crocante de lim\u00e3o e recheio de chantilly artesanal&quot;}\" data-sheets-userformat=\"{&quot;2&quot;:6915,&quot;3&quot;:{&quot;1&quot;:0},&quot;4&quot;:{&quot;1&quot;:2,&quot;2&quot;:16777215},&quot;11&quot;:4,&quot;12&quot;:0,&quot;14&quot;:{&quot;1&quot;:2,&quot;2&quot;:0},&quot;15&quot;:&quot;Roboto, RobotoDraft, Helvetica, Arial, sans-serif&quot;}\">\u00c9clair XXL com cobertura de lim\u00e3o e recheio de chantilly artesanal.<\/span><\/p>\n","protected":false},"featured_media":12667,"comment_status":"open","ping_status":"closed","template":"","meta":[],"product_brand":[],"product_cat":[331,375],"product_tag":[321,378,360,377],"class_list":{"0":"post-12373","1":"product","2":"type-product","3":"status-publish","4":"has-post-thumbnail","6":"product_cat-bolos","7":"product_cat-bolos-xxl-numeros-letras","8":"product_tag-eclair","9":"product_tag-leitaria-da-quintado-paco","10":"product_tag-limao","11":"product_tag-xxl","13":"first","14":"instock","15":"shipping-taxable","16":"purchasable","17":"product-type-simple"},"_links":{"self":[{"href":"https:\/\/leitariadaquintadopaco.com\/lisboa\/wp-json\/wp\/v2\/product\/12373","targetHints":{"allow":["GET"]}}],"collection":[{"href":"https:\/\/leitariadaquintadopaco.com\/lisboa\/wp-json\/wp\/v2\/product"}],"about":[{"href":"https:\/\/leitariadaquintadopaco.com\/lisboa\/wp-json\/wp\/v2\/types\/product"}],"replies":[{"embeddable":true,"href":"https:\/\/leitariadaquintadopaco.com\/lisboa\/wp-json\/wp\/v2\/comments?post=12373"}],"wp:featuredmedia":[{"embeddable":true,"href":"https:\/\/leitariadaquintadopaco.com\/lisboa\/wp-json\/wp\/v2\/media\/12667"}],"wp:attachment":[{"href":"https:\/\/leitariadaquintadopaco.com\/lisboa\/wp-json\/wp\/v2\/media?parent=12373"}],"wp:term":[{"taxonomy":"product_brand","embeddable":true,"href":"https:\/\/leitariadaquintadopaco.com\/lisboa\/wp-json\/wp\/v2\/product_brand?post=12373"},{"taxonomy":"product_cat","embeddable":true,"href":"https:\/\/leitariadaquintadopaco.com\/lisboa\/wp-json\/wp\/v2\/product_cat?post=12373"},{"taxonomy":"product_tag","embeddable":true,"href":"https:\/\/leitariadaquintadopaco.com\/lisboa\/wp-json\/wp\/v2\/product_tag?post=12373"}],"curies":[{"name":"wp","href":"https:\/\/api.w.org\/{rel}","templated":true}]}}