{"id":27704,"date":"2026-02-03T16:05:09","date_gmt":"2026-02-03T16:05:09","guid":{"rendered":"https:\/\/leitariadaquintadopaco.com\/lisboa\/?post_type=product&#038;p=27704"},"modified":"2026-02-03T16:12:01","modified_gmt":"2026-02-03T16:12:01","slug":"pack-4-eclairs-sabores-de-sempre","status":"publish","type":"product","link":"https:\/\/leitariadaquintadopaco.com\/lisboa\/produtos\/pack-4-eclairs-sabores-de-sempre\/","title":{"rendered":"Pack 4 \u00c9clairs Sabores de Sempre"},"content":{"rendered":"<p>Indique-nos quantos \u00c9clairs deseja de entre os de Caramelo, Frutos Vermelhos, Lim\u00e3o e Manga Maracuj\u00e1.<\/p>\n<p>Pode incluir tamb\u00e9m o Cl\u00e1ssico.<\/p>\n","protected":false},"excerpt":{"rendered":"<p>Indique-nos quantos \u00c9clairs deseja de entre os de Caramelo, Frutos Vermelhos, Lim\u00e3o e Manga Maracuj\u00e1. Pode incluir tamb\u00e9m o Cl\u00e1ssico.<\/p>\n","protected":false},"featured_media":27707,"comment_status":"open","ping_status":"closed","template":"","meta":[],"product_brand":[],"product_cat":[621],"product_tag":[],"class_list":{"0":"post-27704","1":"product","2":"type-product","3":"status-publish","4":"has-post-thumbnail","6":"product_cat-packs","8":"first","9":"instock","10":"shipping-taxable","11":"purchasable","12":"product-type-simple"},"_links":{"self":[{"href":"https:\/\/leitariadaquintadopaco.com\/lisboa\/wp-json\/wp\/v2\/product\/27704","targetHints":{"allow":["GET"]}}],"collection":[{"href":"https:\/\/leitariadaquintadopaco.com\/lisboa\/wp-json\/wp\/v2\/product"}],"about":[{"href":"https:\/\/leitariadaquintadopaco.com\/lisboa\/wp-json\/wp\/v2\/types\/product"}],"replies":[{"embeddable":true,"href":"https:\/\/leitariadaquintadopaco.com\/lisboa\/wp-json\/wp\/v2\/comments?post=27704"}],"wp:featuredmedia":[{"embeddable":true,"href":"https:\/\/leitariadaquintadopaco.com\/lisboa\/wp-json\/wp\/v2\/media\/27707"}],"wp:attachment":[{"href":"https:\/\/leitariadaquintadopaco.com\/lisboa\/wp-json\/wp\/v2\/media?parent=27704"}],"wp:term":[{"taxonomy":"product_brand","embeddable":true,"href":"https:\/\/leitariadaquintadopaco.com\/lisboa\/wp-json\/wp\/v2\/product_brand?post=27704"},{"taxonomy":"product_cat","embeddable":true,"href":"https:\/\/leitariadaquintadopaco.com\/lisboa\/wp-json\/wp\/v2\/product_cat?post=27704"},{"taxonomy":"product_tag","embeddable":true,"href":"https:\/\/leitariadaquintadopaco.com\/lisboa\/wp-json\/wp\/v2\/product_tag?post=27704"}],"curies":[{"name":"wp","href":"https:\/\/api.w.org\/{rel}","templated":true}]}}