{"id":27712,"date":"2026-02-03T16:20:30","date_gmt":"2026-02-03T16:20:30","guid":{"rendered":"https:\/\/leitariadaquintadopaco.com\/lisboa\/?post_type=product&#038;p=27712"},"modified":"2026-02-03T16:20:30","modified_gmt":"2026-02-03T16:20:30","slug":"pack-premium-8-eclairs-classicos","status":"publish","type":"product","link":"https:\/\/leitariadaquintadopaco.com\/lisboa\/produtos\/pack-premium-8-eclairs-classicos\/","title":{"rendered":"Pack  Premium 8 \u00c9clairs Cl\u00e1ssicos"},"content":{"rendered":"<p>8 \u00c9clairs Cl\u00e1ssicos em Caixa Premium<\/p>\n","protected":false},"excerpt":{"rendered":"<p>8 \u00c9clairs Cl\u00e1ssicos em Caixa Premium<\/p>\n","protected":false},"featured_media":27713,"comment_status":"open","ping_status":"closed","template":"","meta":[],"product_brand":[],"product_cat":[622],"product_tag":[],"class_list":{"0":"post-27712","1":"product","2":"type-product","3":"status-publish","4":"has-post-thumbnail","6":"product_cat-packs-premium","8":"first","9":"instock","10":"shipping-taxable","11":"purchasable","12":"product-type-simple"},"_links":{"self":[{"href":"https:\/\/leitariadaquintadopaco.com\/lisboa\/wp-json\/wp\/v2\/product\/27712","targetHints":{"allow":["GET"]}}],"collection":[{"href":"https:\/\/leitariadaquintadopaco.com\/lisboa\/wp-json\/wp\/v2\/product"}],"about":[{"href":"https:\/\/leitariadaquintadopaco.com\/lisboa\/wp-json\/wp\/v2\/types\/product"}],"replies":[{"embeddable":true,"href":"https:\/\/leitariadaquintadopaco.com\/lisboa\/wp-json\/wp\/v2\/comments?post=27712"}],"wp:featuredmedia":[{"embeddable":true,"href":"https:\/\/leitariadaquintadopaco.com\/lisboa\/wp-json\/wp\/v2\/media\/27713"}],"wp:attachment":[{"href":"https:\/\/leitariadaquintadopaco.com\/lisboa\/wp-json\/wp\/v2\/media?parent=27712"}],"wp:term":[{"taxonomy":"product_brand","embeddable":true,"href":"https:\/\/leitariadaquintadopaco.com\/lisboa\/wp-json\/wp\/v2\/product_brand?post=27712"},{"taxonomy":"product_cat","embeddable":true,"href":"https:\/\/leitariadaquintadopaco.com\/lisboa\/wp-json\/wp\/v2\/product_cat?post=27712"},{"taxonomy":"product_tag","embeddable":true,"href":"https:\/\/leitariadaquintadopaco.com\/lisboa\/wp-json\/wp\/v2\/product_tag?post=27712"}],"curies":[{"name":"wp","href":"https:\/\/api.w.org\/{rel}","templated":true}]}}